{"id":2841,"date":"2020-10-27T11:44:24","date_gmt":"2020-10-27T11:44:24","guid":{"rendered":"https:\/\/www.villapedra.com\/politica-de-privacidade-e-cookies\/"},"modified":"2021-01-15T17:24:51","modified_gmt":"2021-01-15T17:24:51","slug":"cookies-and-privacy-policy","status":"publish","type":"page","link":"https:\/\/www.villapedra.com\/en\/cookies-and-privacy-policy\/","title":{"rendered":"Cookies and Privacy Policy"},"content":{"rendered":"\r\n<h2 class=\"wp-block-heading\"><\/h2>\r\n<h2 class=\"wp-block-heading\"><strong>COOKIES POLICY<\/strong><\/h2>\r\n<p>&nbsp;<\/p>\r\n<h3><strong>What is a cookie?<\/strong><\/h3>\r\n<p>A cookie is a small text file that a website stores on your computer, smartphone or any other device, with information about your browsing on that website. Cookies are necessary to enhance the browsing experience and do not damage your computer.<\/p>\r\n<p>&nbsp;<\/p>\r\n<p>While this policy uses the general term &#8220;cookie&#8221;, as it is the main method of storing information used by this website, the browser\u2019s &#8220;Local Storage&#8221; space is also used for the same purposes as the cookies. In this sense, all the information included in this section is also applicable to \u201cLocal Storage\u201d.<\/p>\r\n<p>&nbsp;<\/p>\r\n<h3><strong>What are cookies used for on this Website?<\/strong><\/h3>\r\n<p>Cookies are an essential part of how our website works. The main objective of our cookies is to optimise your browsing experience. For example, they are used to remember your preferences while browsing (language, country, etc.) for future visits.\u2028<\/p>\r\n<p>&nbsp;<\/p>\r\n<p>The information collected by cookies also allows us to improve our website, through statistics on user numbers and patterns, adapting the website to the individual interests of the users, enabling faster searches, etc.<\/p>\r\n<p>&nbsp;<\/p>\r\n<p>Sometimes, and only when we have your prior informed consent, we may use cookies, tags or other similar technology to obtain information that enables us to show you advertising from our own websites, third-party websites or by any other means, based on the analysis of your browsing habits.<\/p>\r\n<p>&nbsp;<\/p>\r\n<h3><strong>What are cookies NOT u<\/strong><strong>s<\/strong><strong>ed for on this Website?<\/strong><\/h3>\r\n<p>The cookies we use do not store sensitive information relating to users&#8217; personal identification, such as their address, password, credit or debit card details, etc.<\/p>\r\n<p>&nbsp;<\/p>\r\n<p>&nbsp;<\/p>\r\n<h3><strong>Who uses the information stored in cookies?<\/strong><\/h3>\r\n<p>The information stored in cookies from our website is used exclusively by us, except for those identified below as &#8220;third-party cookies&#8221;, which are used and managed by external entities to provide services requested by us to improve our services and the user\u2019s experience when browsing our website. The main services from these \u201cthird-party cookies\u201d are to provide access statistics and to secure payment transactions.<\/p>\r\n<p>&nbsp;<\/p>\r\n<p>&nbsp;<\/p>\r\n<h3><strong>How can I prevent the use of cookies on this website?<\/strong><\/h3>\r\n<p>If you prefer to avoid the use of cookies on this page, bearing in mind the above-mentioned limits, you must first disable the use of cookies in your browser and then remove the cookies stored in your browser associated with this website.<\/p>\r\n<p>You can disable the use of cookies at any time.<\/p>\r\n<p>&nbsp;<\/p>\r\n<h3><strong>How do I disable and remove the use of cookies?<\/strong><\/h3>\r\n<p>You can restrict, block or delete cookies from this website at any time by changing your browser\u2019s configuration as described below. Although settings differ from one browser to another, cookies are usually set using \u201cPreferences\u201d or \u201cTools\u201d menu options. For more details on the configuration of cookies on your browser, see your browser&#8217;s \u201cHelp\u201d menu.<\/p>\r\n<p>&nbsp;<\/p>\r\n<p>The following list details the cookies, tags or similar technologies used on this website, together with information on the purpose, duration and management of each one (by us or third parties).<\/p>\r\n<p>&nbsp;<\/p>\r\n<h3><strong>Technical and personalization cookies: identification and authentication, navigation, user interface customization, favourites&#8230;<\/strong><\/h3>\r\n<p>These cookies are used to identify the user during the session, to avoid having to repeat the online authentication process, to speed up some processes on the website, to remember choices made during the session or in later visits, to remember pages already visited, etc.<\/p>\r\n<p>&nbsp;<\/p>\r\n<p><u>User identification<\/u><\/p>\r\n<p>&nbsp;<\/p>\r\n<p>These are used to identify and authenticate the user. They also contain technical data about the user&#8217;s session such as connection waiting time, session ID, etc.<\/p>\r\n<p>&nbsp;<\/p>\r\n<p>Duration: Session<\/p>\r\n<p>Management: Own<\/p>\r\n<p>&nbsp;<\/p>\r\n<p><u>Session identification<\/u><\/p>\r\n<p>&nbsp;<\/p>\r\n<p>Identifies the user&#8217;s http session. It is common for all web applications to identify a user&#8217;s inputs during a session.<\/p>\r\n<p>&nbsp;<\/p>\r\n<p>Duration: Session<\/p>\r\n<p>Management: Own<\/p>\r\n<p><u>\u00a0<\/u><\/p>\r\n<p><u>Navigation status<\/u><\/p>\r\n<p><u>\u00a0<\/u><\/p>\r\n<p>Enables us to identify the user&#8217;s navigation status (session start, first page, first access, scroll status, voting status, etc.).<\/p>\r\n<p>&nbsp;<\/p>\r\n<p><u>Protocols<\/u><\/p>\r\n<p>&nbsp;<\/p>\r\n<p>They manage switching between secure domain (protocol https) and non-secure domain (protocol http).<\/p>\r\n<p>&nbsp;<\/p>\r\n<p>Duration: Session<\/p>\r\n<p>Management: Own<\/p>\r\n<p>&nbsp;<\/p>\r\n<h3><strong>Navigation analysis cookies<\/strong><\/h3>\r\n<p>These cookies contain general information about users&#8217; visits to the website (not about the content therein), in order to provide us with further aggregated information about these visits for statistical purposes.<\/p>\r\n<p>&nbsp;<\/p>\r\n<p><u>Origin (WC_GASource)<\/u><\/p>\r\n<p>&nbsp;<\/p>\r\n<p>This is used to find out where a user comes from when they visit a page on this website, for example, if he\/she arrives at the product detail page from a product grid, from a search engine or from an external page.<\/p>\r\n<p>&nbsp;<\/p>\r\n<p>Duration: Persistent<\/p>\r\n<p>Management: Own<\/p>\r\n<p>&nbsp;<\/p>\r\n<p>Google Analytics (__utma, __utmb, __utmc, __utmd, __utmv, __utmz&#8230;)<\/p>\r\n<p>&nbsp;<\/p>\r\n<p>They monitor the website using the Google Analytics tool, a service provided by Google to obtain information on user access to websites. Some of the data saved for later analysis are: number of times a user visits the website, dates of the user&#8217;s first and last visit, duration of visits, the page from which the user accessed the website, which search engine was used to reach the website or which link was clicked, user location, etc. The configuration of these cookies is predetermined by the service offered by Google so we suggest that you consult the Google Analytics privacy page, \/\/www.google.com\/intl\/es\/analytics\/privacyoverview.html, to obtain more information about the cookies that are used and how to disable them (Please note that we are not responsible for the content or accuracy of third party websites).<\/p>\r\n<p>&nbsp;<\/p>\r\n<p>Duration: Persistent<\/p>\r\n<p>Management: Own<\/p>\r\n<p>&nbsp;<\/p>\r\n<h3><strong>Purchase analysis cookies<\/strong><\/h3>\r\n<p>These allow information to be collected about the device used to make the purchase on this website, in order to verify that the purchase transactions offer sufficient guarantees to clients. These cookies never contain sensitive information, such as credit or debit card data.<\/p>\r\n<p>&nbsp;<\/p>\r\n<p><u>Purchasing device (thx_guid)<\/u><\/p>\r\n<p>&nbsp;<\/p>\r\n<p>This allows us to uniquely identify the device (PC, smartphone, etc.) used to make purchases on this website for subsequent analysis, in order to be able to offer our clients sufficient guarantees during purchase transactions. The information contained in this cookie is collected by an external company to carry out this analysis.<\/p>\r\n<p>&nbsp;<\/p>\r\n<h3><strong>Privacy Policy<\/strong><\/h3>\r\n<p>At Villa Pedra- Nature Houses we understand the importance of protecting your personal data regardless of their nature. For this reason, we adopted a set of security measures aiming to protect the personal data of our Clients and anyone visiting our website.<\/p>\r\n<p>The use of this website is subject to the present Privacy Policy which sets out the terms and conditions under which Villa Pedra \u2013 Nature Houses processes the personal data made available by users when browsing the website.<\/p>\r\n<p>&nbsp;<\/p>\r\n<p>By using the Platform, each time a user provides or accesses any kind of data that by its character may allow the user to be identified (name, surname, e-mail address, billing or shipping address, phone number, etc. &#8211; henceforth \u201cPersonal Data\u201d) whether it be in searching for or purchasing our products or using our services or functionalities, they will be subject to this Privacy Policy and the Terms and Conditions which are applicable at any time and must be reviewed in order to ensure that they are accepted.<\/p>\r\n<p>In this Privacy Policy we explain who we are, the use we give to your data, how we process them, with whom we share them, how long we keep them, as well as the ways to contact us and exercise your rights.<\/p>\r\n<p>&nbsp;<\/p>\r\n<p>Users should carefully read this privacy policy, which has been plain and simply drawn up for easily understanding, and freely and voluntarily decide whether they intend to provide their personal data or not. Thus, the user ensures he\/she is of legal age, that the provided data are true, accurate, complete and current, and takes responsibility for any direct or indirect damages or losses that may result from the breach of such an obligation. If provided data correspond to a third-party, the user guarantees that the third-party has been informed about the conditions set out herein and that he\/she has obtained their authorization to provide data for the mentioned purposes.<\/p>\r\n<p>&nbsp;<\/p>\r\n<h3><strong>Scope<\/strong><\/h3>\r\n<p>This Privacy Policy applies to all personal data collected through the website:<u>http:\/\/www.villapedra.pt<\/u><\/p>\r\n<p>&nbsp;<\/p>\r\n<p>Processing purposes and legal basis<\/p>\r\n<p>The personal data provided by the user will be kept on file by Villa Pedra-Nature Houses, the company responsible for processing them.<\/p>\r\n<p>The personal data processed on this website are:<\/p>\r\n<ul>\r\n<li>Collected on the Client\/User Registration Form: name, e-mail, TIN, phone number, postal address;<\/li>\r\n<li>Collected through website navigation: IP, Type of Device;<\/li>\r\n<li>Collected through Facebook login: social profile (social media).<\/li>\r\n<\/ul>\r\n<p>Processing these data has the following purposes:<\/p>\r\n<ul>\r\n<li>Client management:<\/li>\r\n<\/ul>\r\n<p>The data collected on this website are necessary for the conclusion and execution of the purchase and sale contract. They are used for processing and providing information on the status of orders, for communicating with Clients and for processing information requests and any complaints.<\/p>\r\n<p>The provision of the data requested within the scope of the Client&#8217;s registration form is mandatory and without them it is not possible to proceed with the above purposes.<\/p>\r\n<ul>\r\n<li>Marketing:<\/li>\r\n<\/ul>\r\n<p>Should the Client provide their explicit consent upon the creation or correction of their registration form, Villa Pedra-Nature Houses. may process their data in order to send information on products, news, campaigns, promotions and birthday messages, through any channel, namely by e-mail, SMS or other means of automatic calling. Consent for processing personal data for direct marketing purposes may be withdrawn at any time:<\/p>\r\n<p>&nbsp;<\/p>\r\n<ul>\r\n<li>Through the Client account settings;<\/li>\r\n<li>When contacting the Customer Support team through the e-mail address <u>info@villapedra.pt<\/u><\/li>\r\n<li>When setting up a profile:<\/li>\r\n<\/ul>\r\n<p>&nbsp;<\/p>\r\n<p>Villa Pedra \u2013Nature Houses. defines profiles based on information related to users\u2019 purchases and searches.<\/p>\r\n<p>This information is analysed to identify your consumer profile. This analysis allows Villa Pedra-Nature Houses to send you personalized information suitable to your profile, in order to improve your shopping experience. The legal basis applicable to the collection and use of your personal data for the indicated purposes is your consent.<\/p>\r\n<p>&nbsp;<\/p>\r\n<h3><strong>Storage period<\/strong><\/h3>\r\n<p>We store your data only for the time required for the purpose of their collection. For the purposes hereby provided, your personal data will be stored during a maximum period of 10 years from the moment of your consent or the last purchase made and provided you have not withdrawn your consent during this period.<\/p>\r\n<p>&nbsp;<\/p>\r\n<h3><strong>Consent<\/strong><\/h3>\r\n<p>By giving your consent to this Privacy Policy you allow the processing of your personal data for the provided and selected specific purposes.\u00a0<\/p>\r\n<p>If consent is legally required for processing personal data, the data subject has the right to withdraw their consent at any time, even though that right does not compromise the lawfulness of data processing based on the previously provided consent or of further processing based on a different legal framework such as a contractual compliance or legal obligations to which Villa Pedra-Nature Houses may be subject.<\/p>\r\n<p>Villa Pedra-Nature Houses undertakes to respect the confidentiality of users\u2019 Personal Data and to ensure they exercise their respective rights.<\/p>\r\n<p>In order to withdraw your consent, please contact us by post mail or e-mail <a href=\"mailto:info@villapedra.pt\">info@villapedra.pt<\/a>.<\/p>\r\n<p>&nbsp;<\/p>\r\n<p>&nbsp;<\/p>\r\n<h3><strong>Data Processor<\/strong><\/h3>\r\n<p>The processing of user data may be carried out by a suitable service provider, hired by Villa Pedra-Nature Houses This service provider shall process the personal data only for the purposes established by Villa Pedra-Nature Houses. and in accordance with the instructions received, in strict compliance with the legal dispositions on data protection, information security and other relevant regulation.<\/p>\r\n<p>&nbsp;<\/p>\r\n<h3><strong>Users\u00b4 rights<\/strong><\/h3>\r\n<p>Villa Pedra-Nature Houses. holds or processes users\u2019 personal data, they may at any time and without any charge exercise the following rights:<\/p>\r\n<ul>\r\n<li>Right of access \u2013 the right to obtain a copy of the information we hold concerning you;<\/li>\r\n<li>Right to rectification \u2013 the right to correct the data you consider inaccurate or incomplete;<\/li>\r\n<li>Right to erasure \u2013 in certain circumstances, as a user, you may ask for your personal data to be deleted from all our records;<\/li>\r\n<li>Right to restrict processing \u2013 under certain conditions, the right to restrict the processing of your data;<\/li>\r\n<li>Right to data portability \u2013 the right to transfer your data to another organization;<\/li>\r\n<li>Right to object \u2013 the right to object to certain processing methods, such as direct marketing;<\/li>\r\n<li>The right to object to automated processing of personal data, including profiling;<\/li>\r\n<\/ul>\r\n<p>The above rights may be exercised through the e-mail address <a href=\"mailto:info@villapedra.pt\">info@villapedra.pt<\/a>\u00a0 or by registered letter to the postal address: Avenida da Liberdade 38B, 1250-145 LISBON<\/p>\r\n<p>&nbsp;<\/p>\r\n<h3><strong>Complaints<\/strong><\/h3>\r\n<p>Should the user wish to submit a complaint regarding the processing of their personal data by Villa Pedra-Nature Houses, or about the handling of their complaint, they have the right to lodge a complaint directly with the supervisory authority and with Villa Pedra-Nature Houses<\/p>\r\n<p>&nbsp;<\/p>\r\n<p>Contact details from Villa Pedra-Nature Houses\u00a0<\/p>\r\n<p>Avenida da Liberdade 38B\u00a01250-145 LISBOA<\/p>\r\n<p><br \/>Contact details from the Supervisory Authority:\u00a0\u00a0<\/p>\r\n<p>Comiss\u00e3o Nacional de Prote\u00e7\u00e3o de Dados \u2013 CNPD<\/p>\r\n<p>Rua de S\u00e3o Bento, n.\u00ba 148, 3\u00ba<\/p>\r\n<p>1200-821 Lisboa<\/p>\r\n<p>Tel.: 351 213928400 | Fax: +351 213976832, E-mail:\u00a0<a href=\"mailto:geral@cnpd.pt\">geral@cnpd.pt<\/a>.<\/p>\r\n<p>&nbsp;<\/p>\r\n<h3><strong>Mandatory nature of the requested data<\/strong><\/h3>\r\n<p>Data requested in the Client contact form in fields marked with an asterisk (*) are mandatory for the stated purposes. If the data are not provided, Villa Pedra-Nature Houses. may not respond to customer requests.<\/p>\r\n<p>&nbsp;<\/p>\r\n<h3><strong>Protection measures concerning personal data<\/strong><\/h3>\r\n<p>Villa Pedra-Nature Houses. applies the proper technical and organizational measures to protect the user\u2019s personal data, including the use of secure servers, firewalls and data encryption in applications and communication.<\/p>\r\n<p>&nbsp;<\/p>\r\n<h3><strong>Changes to Privacy Policy<\/strong><\/h3>\r\n<p>From time to time, Villa Pedra-Nature Houses. shall update this Privacy Policy.<\/p>\r\n<p>We ask you to regularly review this document to stay updated.<\/p>\r\n<p>&nbsp;<\/p>\r\n<h2><\/h2>\r\n","protected":false},"excerpt":{"rendered":"<p>COOKIES POLICY &nbsp; What is a cookie? A cookie is a small text file that a website stores on your computer, smartphone or any other device, with information about your browsing on that website. Cookies are necessary to enhance the browsing experience and do not damage your computer. &nbsp; While this policy uses the general [&hellip;]<\/p>\n","protected":false},"author":1,"featured_media":0,"parent":0,"menu_order":0,"comment_status":"closed","ping_status":"closed","template":"","meta":{"footnotes":""},"class_list":["post-2841","page","type-page","status-publish","hentry"],"yoast_head":"<!-- This site is optimized with the Yoast SEO plugin v27.4 - https:\/\/yoast.com\/product\/yoast-seo-wordpress\/ -->\n<title>Cookies and Privacy Policy - Villa Pedra<\/title>\n<meta name=\"robots\" content=\"index, follow, max-snippet:-1, max-image-preview:large, max-video-preview:-1\" \/>\n<link rel=\"canonical\" href=\"https:\/\/www.villapedra.com\/en\/cookies-and-privacy-policy\/\" \/>\n<meta property=\"og:locale\" content=\"en_US\" \/>\n<meta property=\"og:type\" content=\"article\" \/>\n<meta property=\"og:title\" content=\"Cookies and Privacy Policy - Villa Pedra\" \/>\n<meta property=\"og:description\" content=\"COOKIES POLICY &nbsp; What is a cookie? A cookie is a small text file that a website stores on your computer, smartphone or any other device, with information about your browsing on that website. Cookies are necessary to enhance the browsing experience and do not damage your computer. &nbsp; While this policy uses the general [&hellip;]\" \/>\n<meta property=\"og:url\" content=\"https:\/\/www.villapedra.com\/en\/cookies-and-privacy-policy\/\" \/>\n<meta property=\"og:site_name\" content=\"Villa Pedra\" \/>\n<meta property=\"article:modified_time\" content=\"2021-01-15T17:24:51+00:00\" \/>\n<meta property=\"og:image\" content=\"https:\/\/www.villapedra.com\/wp-content\/uploads\/2020\/10\/logotype.png\" \/>\n\t<meta property=\"og:image:width\" content=\"222\" \/>\n\t<meta property=\"og:image:height\" content=\"38\" \/>\n\t<meta property=\"og:image:type\" content=\"image\/png\" \/>\n<meta name=\"twitter:card\" content=\"summary_large_image\" \/>\n<meta name=\"twitter:label1\" content=\"Est. reading time\" \/>\n\t<meta name=\"twitter:data1\" content=\"11 minutes\" \/>\n<script type=\"application\/ld+json\" class=\"yoast-schema-graph\">{\"@context\":\"https:\\\/\\\/schema.org\",\"@graph\":[{\"@type\":\"WebPage\",\"@id\":\"https:\\\/\\\/www.villapedra.com\\\/en\\\/cookies-and-privacy-policy\\\/\",\"url\":\"https:\\\/\\\/www.villapedra.com\\\/en\\\/cookies-and-privacy-policy\\\/\",\"name\":\"Cookies and Privacy Policy - Villa Pedra\",\"isPartOf\":{\"@id\":\"http:\\\/\\\/www.villapedra.com\\\/#website\"},\"datePublished\":\"2020-10-27T11:44:24+00:00\",\"dateModified\":\"2021-01-15T17:24:51+00:00\",\"breadcrumb\":{\"@id\":\"https:\\\/\\\/www.villapedra.com\\\/en\\\/cookies-and-privacy-policy\\\/#breadcrumb\"},\"inLanguage\":\"en-US\",\"potentialAction\":[{\"@type\":\"ReadAction\",\"target\":[\"https:\\\/\\\/www.villapedra.com\\\/en\\\/cookies-and-privacy-policy\\\/\"]}]},{\"@type\":\"BreadcrumbList\",\"@id\":\"https:\\\/\\\/www.villapedra.com\\\/en\\\/cookies-and-privacy-policy\\\/#breadcrumb\",\"itemListElement\":[{\"@type\":\"ListItem\",\"position\":1,\"name\":\"In\u00edcio\",\"item\":\"https:\\\/\\\/www.villapedra.com\\\/en\\\/\"},{\"@type\":\"ListItem\",\"position\":2,\"name\":\"Cookies and Privacy Policy\"}]},{\"@type\":\"WebSite\",\"@id\":\"http:\\\/\\\/www.villapedra.com\\\/#website\",\"url\":\"http:\\\/\\\/www.villapedra.com\\\/\",\"name\":\"Villa Pedra\",\"description\":\"Natural Houses\",\"publisher\":{\"@id\":\"http:\\\/\\\/www.villapedra.com\\\/#organization\"},\"potentialAction\":[{\"@type\":\"SearchAction\",\"target\":{\"@type\":\"EntryPoint\",\"urlTemplate\":\"http:\\\/\\\/www.villapedra.com\\\/?s={search_term_string}\"},\"query-input\":{\"@type\":\"PropertyValueSpecification\",\"valueRequired\":true,\"valueName\":\"search_term_string\"}}],\"inLanguage\":\"en-US\"},{\"@type\":\"Organization\",\"@id\":\"http:\\\/\\\/www.villapedra.com\\\/#organization\",\"name\":\"Villa Pedra\",\"url\":\"http:\\\/\\\/www.villapedra.com\\\/\",\"logo\":{\"@type\":\"ImageObject\",\"inLanguage\":\"en-US\",\"@id\":\"http:\\\/\\\/www.villapedra.com\\\/#\\\/schema\\\/logo\\\/image\\\/\",\"url\":\"https:\\\/\\\/www.villapedra.com\\\/wp-content\\\/uploads\\\/2020\\\/10\\\/logotype.png\",\"contentUrl\":\"https:\\\/\\\/www.villapedra.com\\\/wp-content\\\/uploads\\\/2020\\\/10\\\/logotype.png\",\"width\":222,\"height\":38,\"caption\":\"Villa Pedra\"},\"image\":{\"@id\":\"http:\\\/\\\/www.villapedra.com\\\/#\\\/schema\\\/logo\\\/image\\\/\"}}]}<\/script>\n<!-- \/ Yoast SEO plugin. -->","yoast_head_json":{"title":"Cookies and Privacy Policy - Villa Pedra","robots":{"index":"index","follow":"follow","max-snippet":"max-snippet:-1","max-image-preview":"max-image-preview:large","max-video-preview":"max-video-preview:-1"},"canonical":"https:\/\/www.villapedra.com\/en\/cookies-and-privacy-policy\/","og_locale":"en_US","og_type":"article","og_title":"Cookies and Privacy Policy - Villa Pedra","og_description":"COOKIES POLICY &nbsp; What is a cookie? A cookie is a small text file that a website stores on your computer, smartphone or any other device, with information about your browsing on that website. Cookies are necessary to enhance the browsing experience and do not damage your computer. &nbsp; While this policy uses the general [&hellip;]","og_url":"https:\/\/www.villapedra.com\/en\/cookies-and-privacy-policy\/","og_site_name":"Villa Pedra","article_modified_time":"2021-01-15T17:24:51+00:00","og_image":[{"width":222,"height":38,"url":"https:\/\/www.villapedra.com\/wp-content\/uploads\/2020\/10\/logotype.png","type":"image\/png"}],"twitter_card":"summary_large_image","twitter_misc":{"Est. reading time":"11 minutes"},"schema":{"@context":"https:\/\/schema.org","@graph":[{"@type":"WebPage","@id":"https:\/\/www.villapedra.com\/en\/cookies-and-privacy-policy\/","url":"https:\/\/www.villapedra.com\/en\/cookies-and-privacy-policy\/","name":"Cookies and Privacy Policy - Villa Pedra","isPartOf":{"@id":"https:\/\/www.villapedra.com\/#website"},"datePublished":"2020-10-27T11:44:24+00:00","dateModified":"2021-01-15T17:24:51+00:00","breadcrumb":{"@id":"https:\/\/www.villapedra.com\/en\/cookies-and-privacy-policy\/#breadcrumb"},"inLanguage":"en-US","potentialAction":[{"@type":"ReadAction","target":["https:\/\/www.villapedra.com\/en\/cookies-and-privacy-policy\/"]}]},{"@type":"BreadcrumbList","@id":"https:\/\/www.villapedra.com\/en\/cookies-and-privacy-policy\/#breadcrumb","itemListElement":[{"@type":"ListItem","position":1,"name":"In\u00edcio","item":"https:\/\/www.villapedra.com\/en\/"},{"@type":"ListItem","position":2,"name":"Cookies and Privacy Policy"}]},{"@type":"WebSite","@id":"https:\/\/www.villapedra.com\/#website","url":"https:\/\/www.villapedra.com\/","name":"Villa Pedra","description":"Natural Houses","publisher":{"@id":"https:\/\/www.villapedra.com\/#organization"},"potentialAction":[{"@type":"SearchAction","target":{"@type":"EntryPoint","urlTemplate":"https:\/\/www.villapedra.com\/?s={search_term_string}"},"query-input":{"@type":"PropertyValueSpecification","valueRequired":true,"valueName":"search_term_string"}}],"inLanguage":"en-US"},{"@type":"Organization","@id":"https:\/\/www.villapedra.com\/#organization","name":"Villa Pedra","url":"https:\/\/www.villapedra.com\/","logo":{"@type":"ImageObject","inLanguage":"en-US","@id":"https:\/\/www.villapedra.com\/#\/schema\/logo\/image\/","url":"https:\/\/www.villapedra.com\/wp-content\/uploads\/2020\/10\/logotype.png","contentUrl":"https:\/\/www.villapedra.com\/wp-content\/uploads\/2020\/10\/logotype.png","width":222,"height":38,"caption":"Villa Pedra"},"image":{"@id":"https:\/\/www.villapedra.com\/#\/schema\/logo\/image\/"}}]}},"_links":{"self":[{"href":"https:\/\/www.villapedra.com\/en\/wp-json\/wp\/v2\/pages\/2841","targetHints":{"allow":["GET"]}}],"collection":[{"href":"https:\/\/www.villapedra.com\/en\/wp-json\/wp\/v2\/pages"}],"about":[{"href":"https:\/\/www.villapedra.com\/en\/wp-json\/wp\/v2\/types\/page"}],"author":[{"embeddable":true,"href":"https:\/\/www.villapedra.com\/en\/wp-json\/wp\/v2\/users\/1"}],"replies":[{"embeddable":true,"href":"https:\/\/www.villapedra.com\/en\/wp-json\/wp\/v2\/comments?post=2841"}],"version-history":[{"count":0,"href":"https:\/\/www.villapedra.com\/en\/wp-json\/wp\/v2\/pages\/2841\/revisions"}],"wp:attachment":[{"href":"https:\/\/www.villapedra.com\/en\/wp-json\/wp\/v2\/media?parent=2841"}],"curies":[{"name":"wp","href":"https:\/\/api.w.org\/{rel}","templated":true}]}}