{"id":2452,"date":"2020-12-03T14:54:55","date_gmt":"2020-12-03T14:54:55","guid":{"rendered":"https:\/\/www.villapedra.com\/experiencias\/"},"modified":"2026-01-26T12:07:09","modified_gmt":"2026-01-26T12:07:09","slug":"experiences","status":"publish","type":"page","link":"https:\/\/www.villapedra.com\/en\/experiences\/","title":{"rendered":"Experiences"},"content":{"rendered":"<div class=\"wpb-content-wrapper\"><p>[vc_row css=&#8221;.vc_custom_1492678444784{margin-top: 45px !important;}&#8221;][vc_column css=&#8221;.vc_custom_1492678451406{padding-right: 0px !important;padding-left: 0px !important;}&#8221;] <h1 style=\"color:#727475;padding:px;text-align:center;font-size:50px;line-height:px;letter-spacing: px;font-weight:normal\" class=\"   nd_options_first_font \">Experiences<\/h1> <div style=\"background-color:;height: 10px\" class=\"nicdark_section  \"><\/div>\n    <div class=\"nd_options_section nd_options_line_height_0  nd_options_text_align_center \">\n        <span style=\"height:1px;width:30px;background-color:#878787\" class=\"nd_options_display_inline_block\"><\/span>\n    <\/div>\n   <div style=\"background-color:;height: 10px\" class=\"nicdark_section  \"><\/div>[\/vc_column][\/vc_row][vc_row css=&#8221;.vc_custom_1769427957634{margin-right: -30px !important;margin-left: -30px !important;}&#8221;][vc_column width=&#8221;1\/2&#8243;]<div style=\"background-color:;height: 60px\" class=\"nicdark_section  \"><\/div> <h2 style=\"color:#727475;padding:px;text-align:;font-size:px;line-height:px;letter-spacing: px;font-weight:normal\" class=\"   nd_options_first_font \">Adventure Tourism - Transserrano<\/h2> <div style=\"background-color:;height: 20px\" class=\"nicdark_section  \"><\/div> <p style=\"color:#727475;padding:px;text-align:;font-size:px;line-height:px;letter-spacing: px;font-weight:normal\" class=\"    \">Jeep Tours: Passing by several places of cultural interest, Windmills, Holes of Casmilo, Santo Ant\u00f3nio Viewpoint in Alturas, among others, trip of 6 hours.<\/p>  <p style=\"color:#727475;padding:px;text-align:;font-size:px;line-height:px;letter-spacing: px;font-weight:normal\" class=\"    \">Experience from \u20ac250 (2 to 8 participants)<\/p>  <p style=\"color:#727475;padding:px;text-align:;font-size:px;line-height:px;letter-spacing: px;font-weight:normal\" class=\"    \">Other types of activities. (Paintball, Canyoning, Water walking)<\/p> <div style=\"background-color:;height: 20px\" class=\"nicdark_section  \"><\/div>[vc_btn title=&#8221;Book Here!&#8221; shape=&#8221;square&#8221; color=&#8221;success&#8221; size=&#8221;sm&#8221; align=&#8221;center&#8221; link=&#8221;url:https%3A%2F%2Ffareharbor.com%2Fembeds%2Fbook%2Ftransserrano%2F%3Fref%3DASN%26sheet-uuid%3D39f44e6d-ebb8-4c4d-97b6-01144fa6cd2b%26asn%3Dvillapedra%26full-items%3Dyes%26bookable-only%3Dyes%26flow%3D1299666|title:Book%20here!&#8221;][\/vc_column][vc_column width=&#8221;1\/2&#8243;]<div style=\"background-color:;height: 60px\" class=\"nicdark_section  \"><\/div>[vc_single_image image=&#8221;2416&#8243; img_size=&#8221;medium&#8221; alignment=&#8221;center&#8221; css=&#8221;&#8221;]<div style=\"background-color:;height: 20px\" class=\"nicdark_section  \"><\/div>[\/vc_column][\/vc_row][vc_row css=&#8221;.vc_custom_1769427554576{padding-right: 0px !important;padding-left: 0px !important;}&#8221;][vc_column width=&#8221;1\/2&#8243; css=&#8221;.vc_custom_1492678451406{padding-right: 0px !important;padding-left: 0px !important;}&#8221;]<div style=\"background-color:;height: 60px\" class=\"nicdark_section  \"><\/div> <h2 style=\"color:#727475;padding:px;text-align:;font-size:25px;line-height:px;letter-spacing: px;font-weight:normal\" class=\"   nd_options_first_font \">Arborism - Expertree<\/h2> <div style=\"background-color:;height: 20px\" class=\"nicdark_section  \"><\/div> <p style=\"color:#727475;padding:px;text-align:;font-size:px;line-height:px;letter-spacing: px;font-weight:normal\" class=\"    \">The activity \u2013 Arborism \u2013 is the act of progressing from tree to tree, through rope bridges, hammocks, slides, \u201ctarzan\u201d jumps and other creative and fun crossings! Each course at ExperTree PARK has between 7 and 13 games.<\/p>  <p style=\"color:#727475;padding:px;text-align:;font-size:px;line-height:px;letter-spacing: px;font-weight:normal\" class=\"    \">From \u20ac12.00\/person.<\/p>  <p style=\"color:#727475;padding:px;text-align:;font-size:px;line-height:px;letter-spacing: px;font-weight:normal\" class=\"    \">www.expertree.pt\/arborismo<\/p> <div style=\"background-color:;height: 20px\" class=\"nicdark_section  \"><\/div>[\/vc_column][vc_column width=&#8221;1\/2&#8243;]<div style=\"background-color:;height: 60px\" class=\"nicdark_section  \"><\/div>[vc_single_image image=&#8221;8114&#8243; img_size=&#8221;medium&#8221; alignment=&#8221;center&#8221; css=&#8221;&#8221;]<div style=\"background-color:;height: 20px\" class=\"nicdark_section  \"><\/div>[\/vc_column][\/vc_row][vc_row css=&#8221;.vc_custom_1769427329173{margin-top: 45px !important;padding-right: 0px !important;padding-left: 0px !important;}&#8221;][vc_column width=&#8221;1\/2&#8243; css=&#8221;.vc_custom_1492678451406{padding-right: 0px !important;padding-left: 0px !important;}&#8221;]<div style=\"background-color:;height: 60px\" class=\"nicdark_section  \"><\/div> <h2 style=\"color:#727475;padding:px;text-align:;font-size:25px;line-height:px;letter-spacing: px;font-weight:normal\" class=\"   nd_options_first_font \">Full Body Massage<\/h2> <div style=\"background-color:;height: 20px\" class=\"nicdark_section  \"><\/div> <p style=\"color:#727475;padding:px;text-align:;font-size:px;line-height:px;letter-spacing: px;font-weight:normal\" class=\"    \">Give in to the intuitive touch of a professionally trained therapist and let yourself be carried away to achieve the desired effects. Massage performed by a qualified therapist. Cost: \u20ac70.00, corresponding to a relaxation massage lasting 60 minutes.<\/p> <div style=\"background-color:;height: 20px\" class=\"nicdark_section  \"><\/div>[\/vc_column][vc_column width=&#8221;1\/2&#8243;]<div style=\"background-color:;height: 70px\" class=\"nicdark_section  \"><\/div>[vc_single_image image=&#8221;2865&#8243; img_size=&#8221;medium&#8221; alignment=&#8221;center&#8221; css=&#8221;&#8221;]<div style=\"background-color:;height: 20px\" class=\"nicdark_section  \"><\/div>[\/vc_column][\/vc_row][vc_row css=&#8221;.vc_custom_1769427338042{padding-right: 0px !important;padding-left: 0px !important;}&#8221;][vc_column width=&#8221;1\/2&#8243; css=&#8221;.vc_custom_1769427307277{padding-right: 0px !important;padding-left: 0px !important;}&#8221;]<div style=\"background-color:;height: 60px\" class=\"nicdark_section  \"><\/div> <h2 style=\"color:#727475;padding:px;text-align:;font-size:25px;line-height:px;letter-spacing: px;font-weight:normal\" class=\"   nd_options_first_font \">Thai Massage<\/h2> <div style=\"background-color:;height: 20px\" class=\"nicdark_section  \"><\/div> <p style=\"color:#727475;padding:px;text-align:;font-size:px;line-height:px;letter-spacing: px;font-weight:normal\" class=\"    \">Professional Thai Massage for Health, performed by a qualified professional therapist, cost from \u20ac60.00, corresponding to a full body massage lasting 60mins.<\/p> <div style=\"background-color:;height: 20px\" class=\"nicdark_section  \"><\/div>[\/vc_column][vc_column width=&#8221;1\/2&#8243;]<div style=\"background-color:;height: 60px\" class=\"nicdark_section  \"><\/div>[vc_single_image image=&#8221;8368&#8243; img_size=&#8221;medium&#8221; alignment=&#8221;center&#8221;]<div style=\"background-color:;height: 20px\" class=\"nicdark_section  \"><\/div>[\/vc_column][\/vc_row][vc_row css=&#8221;.vc_custom_1769427915780{margin-right: -30px !important;margin-left: -30px !important;}&#8221;][vc_column width=&#8221;1\/2&#8243;]<div style=\"background-color:;height: 60px\" class=\"nicdark_section  \"><\/div> <h2 style=\"color:#727475;padding:px;text-align:;font-size:25px;line-height:px;letter-spacing: px;font-weight:normal\" class=\"   nd_options_first_font \">Encosta da Criveira<\/h2> <div style=\"background-color:;height: 20px\" class=\"nicdark_section  \"><\/div> <p style=\"color:#727475;padding:px;text-align:;font-size:px;line-height:px;letter-spacing: px;font-weight:normal\" class=\"    \">Red, white, or ros\u00e9 wines, all with a well-defined identity: Regional Wines from Beira Atl\u00e2ntico, Terras de Sic\u00f3 sub-region, a small area where the green of the vineyards blends with the green of olive trees and pines, and where the climate, soil, and human care decisively shape the wines produced.<\/p> <div style=\"background-color:;height: 20px\" class=\"nicdark_section  \"><\/div> <p style=\"color:#727475;padding:px;text-align:;font-size:px;line-height:px;letter-spacing: px;font-weight:normal\" class=\"    \">Visit to the Cellar + Tasting of regional products and wines. (from \u20ac20.00\/person, by prior appointment)<\/p> [\/vc_column][vc_column width=&#8221;1\/2&#8243;]<div style=\"background-color:;height: 100px\" class=\"nicdark_section  \"><\/div>[vc_single_image image=&#8221;8383&#8243; img_size=&#8221;medium&#8221; alignment=&#8221;center&#8221;]<div style=\"background-color:;height: 20px\" class=\"nicdark_section  \"><\/div>[\/vc_column][\/vc_row][vc_row css=&#8221;.vc_custom_1769428819001{padding-right: 0px !important;padding-left: 0px !important;}&#8221;][vc_column width=&#8221;1\/2&#8243; css=&#8221;.vc_custom_1492678451406{padding-right: 0px !important;padding-left: 0px !important;}&#8221;]<div style=\"background-color:;height: 60px\" class=\"nicdark_section  \"><\/div> <h2 style=\"color:#727475;padding:px;text-align:;font-size:25px;line-height:px;letter-spacing: px;font-weight:normal\" class=\"   nd_options_first_font \">Cordel Maneirista<\/h2> <div style=\"background-color:;height: 20px\" class=\"nicdark_section  \"><\/div> <p style=\"color:#727475;padding:px;text-align:;font-size:px;line-height:px;letter-spacing: px;font-weight:normal\" class=\"    \">Cordel Restaurant and Grocery is a place dedicated to Portuguese gastronomy, focusing on regional products and the culinary tradition of the Coimbra region.<\/p> <div style=\"background-color:;height: 20px\" class=\"nicdark_section  \"><\/div> <p style=\"color:#727475;padding:px;text-align:;font-size:px;line-height:px;letter-spacing: px;font-weight:normal\" class=\"    \">Activities and services offered: Tastings, Workshops, Themed dinners, Food Tours: gastronomic tours through historic locations in the region, such as Coimbra and Figueira da Foz, exploring local cuisine and knowledge.<\/p> <div style=\"background-color:;height: 20px\" class=\"nicdark_section  \"><\/div> <p style=\"color:#727475;padding:px;text-align:;font-size:px;line-height:px;letter-spacing: px;font-weight:normal\" class=\"    \">Reservations: reservas@cordel.pt<\/p> [\/vc_column][vc_column width=&#8221;1\/2&#8243;]<div style=\"background-color:;height: 100px\" class=\"nicdark_section  \"><\/div>[vc_single_image image=&#8221;8618&#8243; img_size=&#8221;medium&#8221; css=&#8221;&#8221;]<div style=\"background-color:;height: 20px\" class=\"nicdark_section  \"><\/div>[\/vc_column][\/vc_row][vc_row][vc_column]<div style=\"background-color:;height: 40px\" class=\"nicdark_section  \"><\/div> <p style=\"color:;padding:px;text-align:;font-size:px;line-height:px;letter-spacing: px;font-weight:bold\" class=\"   nd_options_second_font \">NOTE: All of our activities require prior booking, subject to availability.<\/p> <div style=\"background-color:;height: 20px\" class=\"nicdark_section  \"><\/div>[\/vc_column][\/vc_row]<\/p>\n<\/div>","protected":false},"excerpt":{"rendered":"<p>[vc_row css=&#8221;.vc_custom_1492678444784{margin-top: 45px !important;}&#8221;][vc_column css=&#8221;.vc_custom_1492678451406{padding-right: 0px !important;padding-left: 0px !important;}&#8221;][\/vc_column][\/vc_row][vc_row css=&#8221;.vc_custom_1769427957634{margin-right: -30px !important;margin-left: -30px !important;}&#8221;][vc_column width=&#8221;1\/2&#8243;][vc_btn title=&#8221;Book Here!&#8221; shape=&#8221;square&#8221; color=&#8221;success&#8221; size=&#8221;sm&#8221; align=&#8221;center&#8221; link=&#8221;url:https%3A%2F%2Ffareharbor.com%2Fembeds%2Fbook%2Ftransserrano%2F%3Fref%3DASN%26sheet-uuid%3D39f44e6d-ebb8-4c4d-97b6-01144fa6cd2b%26asn%3Dvillapedra%26full-items%3Dyes%26bookable-only%3Dyes%26flow%3D1299666|title:Book%20here!&#8221;][\/vc_column][vc_column width=&#8221;1\/2&#8243;][vc_single_image image=&#8221;2416&#8243; img_size=&#8221;medium&#8221; alignment=&#8221;center&#8221; css=&#8221;&#8221;][\/vc_column][\/vc_row][vc_row css=&#8221;.vc_custom_1769427554576{padding-right: 0px !important;padding-left: 0px !important;}&#8221;][vc_column width=&#8221;1\/2&#8243; css=&#8221;.vc_custom_1492678451406{padding-right: 0px !important;padding-left: 0px !important;}&#8221;][\/vc_column][vc_column width=&#8221;1\/2&#8243;][vc_single_image image=&#8221;8114&#8243; img_size=&#8221;medium&#8221; alignment=&#8221;center&#8221; css=&#8221;&#8221;][\/vc_column][\/vc_row][vc_row css=&#8221;.vc_custom_1769427329173{margin-top: 45px !important;padding-right: 0px !important;padding-left: 0px !important;}&#8221;][vc_column width=&#8221;1\/2&#8243; css=&#8221;.vc_custom_1492678451406{padding-right: 0px !important;padding-left: 0px [&hellip;]<\/p>\n","protected":false},"author":1,"featured_media":0,"parent":0,"menu_order":0,"comment_status":"closed","ping_status":"closed","template":"","meta":{"footnotes":""},"class_list":["post-2452","page","type-page","status-publish","hentry"],"yoast_head":"<!-- This site is optimized with the Yoast SEO plugin v27.5 - https:\/\/yoast.com\/product\/yoast-seo-wordpress\/ -->\n<title>Experiences - Villa Pedra<\/title>\n<meta name=\"robots\" content=\"index, follow, max-snippet:-1, max-image-preview:large, max-video-preview:-1\" \/>\n<link rel=\"canonical\" href=\"https:\/\/www.villapedra.com\/en\/experiences\/\" \/>\n<meta property=\"og:locale\" content=\"en_US\" \/>\n<meta property=\"og:type\" content=\"article\" \/>\n<meta property=\"og:title\" content=\"Experiences - Villa Pedra\" \/>\n<meta property=\"og:description\" content=\"[vc_row css=&#8221;.vc_custom_1492678444784{margin-top: 45px !important;}&#8221;][vc_column css=&#8221;.vc_custom_1492678451406{padding-right: 0px !important;padding-left: 0px !important;}&#8221;][\/vc_column][\/vc_row][vc_row css=&#8221;.vc_custom_1769427957634{margin-right: -30px !important;margin-left: -30px !important;}&#8221;][vc_column width=&#8221;1\/2&#8243;][vc_btn title=&#8221;Book Here!&#8221; shape=&#8221;square&#8221; color=&#8221;success&#8221; size=&#8221;sm&#8221; align=&#8221;center&#8221; link=&#8221;url:https%3A%2F%2Ffareharbor.com%2Fembeds%2Fbook%2Ftransserrano%2F%3Fref%3DASN%26sheet-uuid%3D39f44e6d-ebb8-4c4d-97b6-01144fa6cd2b%26asn%3Dvillapedra%26full-items%3Dyes%26bookable-only%3Dyes%26flow%3D1299666|title:Book%20here!&#8221;][\/vc_column][vc_column width=&#8221;1\/2&#8243;][vc_single_image image=&#8221;2416&#8243; img_size=&#8221;medium&#8221; alignment=&#8221;center&#8221; css=&#8221;&#8221;][\/vc_column][\/vc_row][vc_row css=&#8221;.vc_custom_1769427554576{padding-right: 0px !important;padding-left: 0px !important;}&#8221;][vc_column width=&#8221;1\/2&#8243; css=&#8221;.vc_custom_1492678451406{padding-right: 0px !important;padding-left: 0px !important;}&#8221;][\/vc_column][vc_column width=&#8221;1\/2&#8243;][vc_single_image image=&#8221;8114&#8243; img_size=&#8221;medium&#8221; alignment=&#8221;center&#8221; css=&#8221;&#8221;][\/vc_column][\/vc_row][vc_row css=&#8221;.vc_custom_1769427329173{margin-top: 45px !important;padding-right: 0px !important;padding-left: 0px !important;}&#8221;][vc_column width=&#8221;1\/2&#8243; css=&#8221;.vc_custom_1492678451406{padding-right: 0px !important;padding-left: 0px [&hellip;]\" \/>\n<meta property=\"og:url\" content=\"https:\/\/www.villapedra.com\/en\/experiences\/\" \/>\n<meta property=\"og:site_name\" content=\"Villa Pedra\" \/>\n<meta property=\"article:modified_time\" content=\"2026-01-26T12:07:09+00:00\" \/>\n<meta property=\"og:image\" content=\"https:\/\/www.villapedra.com\/wp-content\/uploads\/2020\/10\/logotype.png\" \/>\n\t<meta property=\"og:image:width\" content=\"222\" \/>\n\t<meta property=\"og:image:height\" content=\"38\" \/>\n\t<meta property=\"og:image:type\" content=\"image\/png\" \/>\n<meta name=\"twitter:card\" content=\"summary_large_image\" \/>\n<meta name=\"twitter:label1\" content=\"Est. reading time\" \/>\n\t<meta name=\"twitter:data1\" content=\"4 minutes\" \/>\n<script type=\"application\/ld+json\" class=\"yoast-schema-graph\">{\"@context\":\"https:\\\/\\\/schema.org\",\"@graph\":[{\"@type\":\"WebPage\",\"@id\":\"https:\\\/\\\/www.villapedra.com\\\/en\\\/experiences\\\/\",\"url\":\"https:\\\/\\\/www.villapedra.com\\\/en\\\/experiences\\\/\",\"name\":\"Experiences - Villa Pedra\",\"isPartOf\":{\"@id\":\"http:\\\/\\\/www.villapedra.com\\\/#website\"},\"datePublished\":\"2020-12-03T14:54:55+00:00\",\"dateModified\":\"2026-01-26T12:07:09+00:00\",\"breadcrumb\":{\"@id\":\"https:\\\/\\\/www.villapedra.com\\\/en\\\/experiences\\\/#breadcrumb\"},\"inLanguage\":\"en-US\",\"potentialAction\":[{\"@type\":\"ReadAction\",\"target\":[\"https:\\\/\\\/www.villapedra.com\\\/en\\\/experiences\\\/\"]}]},{\"@type\":\"BreadcrumbList\",\"@id\":\"https:\\\/\\\/www.villapedra.com\\\/en\\\/experiences\\\/#breadcrumb\",\"itemListElement\":[{\"@type\":\"ListItem\",\"position\":1,\"name\":\"In\u00edcio\",\"item\":\"https:\\\/\\\/www.villapedra.com\\\/en\\\/\"},{\"@type\":\"ListItem\",\"position\":2,\"name\":\"Experiences\"}]},{\"@type\":\"WebSite\",\"@id\":\"http:\\\/\\\/www.villapedra.com\\\/#website\",\"url\":\"http:\\\/\\\/www.villapedra.com\\\/\",\"name\":\"Villa Pedra\",\"description\":\"Natural Houses\",\"publisher\":{\"@id\":\"http:\\\/\\\/www.villapedra.com\\\/#organization\"},\"potentialAction\":[{\"@type\":\"SearchAction\",\"target\":{\"@type\":\"EntryPoint\",\"urlTemplate\":\"http:\\\/\\\/www.villapedra.com\\\/?s={search_term_string}\"},\"query-input\":{\"@type\":\"PropertyValueSpecification\",\"valueRequired\":true,\"valueName\":\"search_term_string\"}}],\"inLanguage\":\"en-US\"},{\"@type\":\"Organization\",\"@id\":\"http:\\\/\\\/www.villapedra.com\\\/#organization\",\"name\":\"Villa Pedra\",\"url\":\"http:\\\/\\\/www.villapedra.com\\\/\",\"logo\":{\"@type\":\"ImageObject\",\"inLanguage\":\"en-US\",\"@id\":\"http:\\\/\\\/www.villapedra.com\\\/#\\\/schema\\\/logo\\\/image\\\/\",\"url\":\"https:\\\/\\\/www.villapedra.com\\\/wp-content\\\/uploads\\\/2020\\\/10\\\/logotype.png\",\"contentUrl\":\"https:\\\/\\\/www.villapedra.com\\\/wp-content\\\/uploads\\\/2020\\\/10\\\/logotype.png\",\"width\":222,\"height\":38,\"caption\":\"Villa Pedra\"},\"image\":{\"@id\":\"http:\\\/\\\/www.villapedra.com\\\/#\\\/schema\\\/logo\\\/image\\\/\"}}]}<\/script>\n<!-- \/ Yoast SEO plugin. -->","yoast_head_json":{"title":"Experiences - Villa Pedra","robots":{"index":"index","follow":"follow","max-snippet":"max-snippet:-1","max-image-preview":"max-image-preview:large","max-video-preview":"max-video-preview:-1"},"canonical":"https:\/\/www.villapedra.com\/en\/experiences\/","og_locale":"en_US","og_type":"article","og_title":"Experiences - Villa Pedra","og_description":"[vc_row css=&#8221;.vc_custom_1492678444784{margin-top: 45px !important;}&#8221;][vc_column css=&#8221;.vc_custom_1492678451406{padding-right: 0px !important;padding-left: 0px !important;}&#8221;][\/vc_column][\/vc_row][vc_row css=&#8221;.vc_custom_1769427957634{margin-right: -30px !important;margin-left: -30px !important;}&#8221;][vc_column width=&#8221;1\/2&#8243;][vc_btn title=&#8221;Book Here!&#8221; shape=&#8221;square&#8221; color=&#8221;success&#8221; size=&#8221;sm&#8221; align=&#8221;center&#8221; link=&#8221;url:https%3A%2F%2Ffareharbor.com%2Fembeds%2Fbook%2Ftransserrano%2F%3Fref%3DASN%26sheet-uuid%3D39f44e6d-ebb8-4c4d-97b6-01144fa6cd2b%26asn%3Dvillapedra%26full-items%3Dyes%26bookable-only%3Dyes%26flow%3D1299666|title:Book%20here!&#8221;][\/vc_column][vc_column width=&#8221;1\/2&#8243;][vc_single_image image=&#8221;2416&#8243; img_size=&#8221;medium&#8221; alignment=&#8221;center&#8221; css=&#8221;&#8221;][\/vc_column][\/vc_row][vc_row css=&#8221;.vc_custom_1769427554576{padding-right: 0px !important;padding-left: 0px !important;}&#8221;][vc_column width=&#8221;1\/2&#8243; css=&#8221;.vc_custom_1492678451406{padding-right: 0px !important;padding-left: 0px !important;}&#8221;][\/vc_column][vc_column width=&#8221;1\/2&#8243;][vc_single_image image=&#8221;8114&#8243; img_size=&#8221;medium&#8221; alignment=&#8221;center&#8221; css=&#8221;&#8221;][\/vc_column][\/vc_row][vc_row css=&#8221;.vc_custom_1769427329173{margin-top: 45px !important;padding-right: 0px !important;padding-left: 0px !important;}&#8221;][vc_column width=&#8221;1\/2&#8243; css=&#8221;.vc_custom_1492678451406{padding-right: 0px !important;padding-left: 0px [&hellip;]","og_url":"https:\/\/www.villapedra.com\/en\/experiences\/","og_site_name":"Villa Pedra","article_modified_time":"2026-01-26T12:07:09+00:00","og_image":[{"width":222,"height":38,"url":"https:\/\/www.villapedra.com\/wp-content\/uploads\/2020\/10\/logotype.png","type":"image\/png"}],"twitter_card":"summary_large_image","twitter_misc":{"Est. reading time":"4 minutes"},"schema":{"@context":"https:\/\/schema.org","@graph":[{"@type":"WebPage","@id":"https:\/\/www.villapedra.com\/en\/experiences\/","url":"https:\/\/www.villapedra.com\/en\/experiences\/","name":"Experiences - Villa Pedra","isPartOf":{"@id":"https:\/\/www.villapedra.com\/#website"},"datePublished":"2020-12-03T14:54:55+00:00","dateModified":"2026-01-26T12:07:09+00:00","breadcrumb":{"@id":"https:\/\/www.villapedra.com\/en\/experiences\/#breadcrumb"},"inLanguage":"en-US","potentialAction":[{"@type":"ReadAction","target":["https:\/\/www.villapedra.com\/en\/experiences\/"]}]},{"@type":"BreadcrumbList","@id":"https:\/\/www.villapedra.com\/en\/experiences\/#breadcrumb","itemListElement":[{"@type":"ListItem","position":1,"name":"In\u00edcio","item":"https:\/\/www.villapedra.com\/en\/"},{"@type":"ListItem","position":2,"name":"Experiences"}]},{"@type":"WebSite","@id":"https:\/\/www.villapedra.com\/#website","url":"https:\/\/www.villapedra.com\/","name":"Villa Pedra","description":"Natural Houses","publisher":{"@id":"https:\/\/www.villapedra.com\/#organization"},"potentialAction":[{"@type":"SearchAction","target":{"@type":"EntryPoint","urlTemplate":"https:\/\/www.villapedra.com\/?s={search_term_string}"},"query-input":{"@type":"PropertyValueSpecification","valueRequired":true,"valueName":"search_term_string"}}],"inLanguage":"en-US"},{"@type":"Organization","@id":"https:\/\/www.villapedra.com\/#organization","name":"Villa Pedra","url":"https:\/\/www.villapedra.com\/","logo":{"@type":"ImageObject","inLanguage":"en-US","@id":"https:\/\/www.villapedra.com\/#\/schema\/logo\/image\/","url":"https:\/\/www.villapedra.com\/wp-content\/uploads\/2020\/10\/logotype.png","contentUrl":"https:\/\/www.villapedra.com\/wp-content\/uploads\/2020\/10\/logotype.png","width":222,"height":38,"caption":"Villa Pedra"},"image":{"@id":"https:\/\/www.villapedra.com\/#\/schema\/logo\/image\/"}}]}},"_links":{"self":[{"href":"https:\/\/www.villapedra.com\/en\/wp-json\/wp\/v2\/pages\/2452","targetHints":{"allow":["GET"]}}],"collection":[{"href":"https:\/\/www.villapedra.com\/en\/wp-json\/wp\/v2\/pages"}],"about":[{"href":"https:\/\/www.villapedra.com\/en\/wp-json\/wp\/v2\/types\/page"}],"author":[{"embeddable":true,"href":"https:\/\/www.villapedra.com\/en\/wp-json\/wp\/v2\/users\/1"}],"replies":[{"embeddable":true,"href":"https:\/\/www.villapedra.com\/en\/wp-json\/wp\/v2\/comments?post=2452"}],"version-history":[{"count":5,"href":"https:\/\/www.villapedra.com\/en\/wp-json\/wp\/v2\/pages\/2452\/revisions"}],"predecessor-version":[{"id":9492,"href":"https:\/\/www.villapedra.com\/en\/wp-json\/wp\/v2\/pages\/2452\/revisions\/9492"}],"wp:attachment":[{"href":"https:\/\/www.villapedra.com\/en\/wp-json\/wp\/v2\/media?parent=2452"}],"curies":[{"name":"wp","href":"https:\/\/api.w.org\/{rel}","templated":true}]}}